{"id":69,"date":"2016-10-20T23:22:14","date_gmt":"2016-10-20T23:22:14","guid":{"rendered":"http:\/\/www.profeluismitre.com.mx\/Ejemplos\/?page_id=69"},"modified":"2026-02-14T03:35:18","modified_gmt":"2026-02-14T03:35:18","slug":"java-2","status":"publish","type":"page","link":"https:\/\/profeluismitre.com.mx\/Ejemplos\/?page_id=69","title":{"rendered":"Java"},"content":{"rendered":"\n<p><a href=\"https:\/\/profeluismitre.com.mx\/misArchivos\/eclipse.rar\">Programa Eclipse para descargar<\/a><\/p>\n\n\n<p>&nbsp;<\/p>\n<p>&nbsp;<\/p>\n<p>&nbsp;<\/p>\n<table>\n<tbody>\n<tr>\n<td>\n<ul>\n<li><a href=\"https:\/\/profeluismitre.com.mx\/Ejemplos\/?page_id=85\">Figuras Geom\u00e9tricas<\/a><\/li>\n<\/ul>\n<\/td>\n<td>\u00a0<a href=\"http:\/\/www.profeluismitre.com.mx\/Ejemplos\/wp-content\/uploads\/2016\/10\/FigurasGeometricas.png\"><img loading=\"lazy\" decoding=\"async\" class=\"alignnone size-medium wp-image-90\" src=\"http:\/\/www.profeluismitre.com.mx\/Ejemplos\/wp-content\/uploads\/2016\/10\/FigurasGeometricas-300x200.png\" alt=\"figurasgeometricas\" width=\"300\" height=\"200\" \/><\/a><\/td>\n<\/tr>\n<tr>\n<td>\n<ul>\n<li><a href=\"https:\/\/profeluismitre.com.mx\/Ejemplos\/?page_id=15\">Calculadora<\/a><\/li>\n<\/ul>\n<\/td>\n<td><a href=\"http:\/\/www.profeluismitre.com.mx\/Ejemplos\/wp-content\/uploads\/2016\/10\/calculadora.png\"><img loading=\"lazy\" decoding=\"async\" class=\"alignnone size-medium wp-image-82\" src=\"http:\/\/www.profeluismitre.com.mx\/Ejemplos\/wp-content\/uploads\/2016\/10\/calculadora-215x300.png\" alt=\"calculadora\" width=\"215\" height=\"300\" \/><\/a><\/td>\n<\/tr>\n<tr>\n<td>\n<ul>\n<li><a href=\"https:\/\/profeluismitre.com.mx\/Ejemplos\/?page_id=118\">Agenda Telef\u00f3nica BD<\/a><a href=\"http:\/\/www.profeluismitre.com.mx\/Ejemplos\/wp-content\/uploads\/2016\/10\/agenda9.png\"><img loading=\"lazy\" decoding=\"async\" class=\"wp-image-140 aligncenter\" src=\"http:\/\/www.profeluismitre.com.mx\/Ejemplos\/wp-content\/uploads\/2016\/10\/agenda9-300x155.png\" alt=\"agenda9\" width=\"77\" height=\"40\" \/><\/a><\/li>\n<\/ul>\n<\/td>\n<td><a href=\"http:\/\/www.profeluismitre.com.mx\/Ejemplos\/wp-content\/uploads\/2016\/11\/agenda2.png\"><img loading=\"lazy\" decoding=\"async\" class=\"alignnone size-medium wp-image-124\" src=\"http:\/\/www.profeluismitre.com.mx\/Ejemplos\/wp-content\/uploads\/2016\/11\/agenda2-295x300.png\" alt=\"agenda2\" width=\"295\" height=\"300\" \/><\/a><\/td>\n<\/tr>\n<tr>\n<td>\n<ul>\n<li><a href=\"https:\/\/profeluismitre.com.mx\/Ejemplos\/?page_id=120\">Agenda Telef\u00f3nica CSV<\/a><a href=\"http:\/\/www.profeluismitre.com.mx\/Ejemplos\/wp-content\/uploads\/2016\/10\/agenda10.png\"><img loading=\"lazy\" decoding=\"async\" class=\"wp-image-141 aligncenter\" src=\"http:\/\/www.profeluismitre.com.mx\/Ejemplos\/wp-content\/uploads\/2016\/10\/agenda10-300x300.png\" alt=\"agenda10\" width=\"50\" height=\"50\" \/><\/a><\/li>\n<\/ul>\n<\/td>\n<td><a href=\"http:\/\/www.profeluismitre.com.mx\/Ejemplos\/wp-content\/uploads\/2016\/11\/agenda2.png\"><img loading=\"lazy\" decoding=\"async\" class=\"alignnone size-medium wp-image-124\" src=\"http:\/\/www.profeluismitre.com.mx\/Ejemplos\/wp-content\/uploads\/2016\/11\/agenda2-295x300.png\" alt=\"agenda2\" width=\"295\" height=\"300\" \/><\/a><\/td>\n<\/tr>\n<tr>\n<td>\n<ul>\n<li><a href=\"https:\/\/profeluismitre.com.mx\/Ejemplos\/?page_id=432\">Ejemplo Botones Im\u00e1genes<\/a><\/li>\n<\/ul>\n<\/td>\n<td><img loading=\"lazy\" decoding=\"async\" class=\"alignnone size-medium wp-image-430\" src=\"http:\/\/www.profeluismitre.com.mx\/Ejemplos\/wp-content\/uploads\/2018\/11\/botones1-297x300.png\" alt=\"\" width=\"297\" height=\"300\" srcset=\"https:\/\/profeluismitre.com.mx\/Ejemplos\/wp-content\/uploads\/2018\/11\/botones1-297x300.png 297w, https:\/\/profeluismitre.com.mx\/Ejemplos\/wp-content\/uploads\/2018\/11\/botones1.png 488w\" sizes=\"auto, (max-width: 297px) 100vw, 297px\" \/><\/td>\n<\/tr>\n<\/tbody>\n<\/table>\n<p>&nbsp;<\/p>\n<h4 style=\"text-align: center;\"><\/h4>","protected":false},"excerpt":{"rendered":"<p>Programa Eclipse para descargar &nbsp; &nbsp; &nbsp; Figuras Geom\u00e9tricas \u00a0 Calculadora Agenda Telef\u00f3nica BD Agenda Telef\u00f3nica CSV Ejemplo Botones Im\u00e1genes &nbsp;<\/p>\n","protected":false},"author":1,"featured_media":0,"parent":0,"menu_order":0,"comment_status":"closed","ping_status":"closed","template":"","meta":{"footnotes":""},"class_list":["post-69","page","type-page","status-publish","hentry"],"_links":{"self":[{"href":"https:\/\/profeluismitre.com.mx\/Ejemplos\/index.php?rest_route=\/wp\/v2\/pages\/69","targetHints":{"allow":["GET"]}}],"collection":[{"href":"https:\/\/profeluismitre.com.mx\/Ejemplos\/index.php?rest_route=\/wp\/v2\/pages"}],"about":[{"href":"https:\/\/profeluismitre.com.mx\/Ejemplos\/index.php?rest_route=\/wp\/v2\/types\/page"}],"author":[{"embeddable":true,"href":"https:\/\/profeluismitre.com.mx\/Ejemplos\/index.php?rest_route=\/wp\/v2\/users\/1"}],"replies":[{"embeddable":true,"href":"https:\/\/profeluismitre.com.mx\/Ejemplos\/index.php?rest_route=%2Fwp%2Fv2%2Fcomments&post=69"}],"version-history":[{"count":26,"href":"https:\/\/profeluismitre.com.mx\/Ejemplos\/index.php?rest_route=\/wp\/v2\/pages\/69\/revisions"}],"predecessor-version":[{"id":495,"href":"https:\/\/profeluismitre.com.mx\/Ejemplos\/index.php?rest_route=\/wp\/v2\/pages\/69\/revisions\/495"}],"wp:attachment":[{"href":"https:\/\/profeluismitre.com.mx\/Ejemplos\/index.php?rest_route=%2Fwp%2Fv2%2Fmedia&parent=69"}],"curies":[{"name":"wp","href":"https:\/\/api.w.org\/{rel}","templated":true}]}}